{"id":8712,"date":"2023-09-15T17:01:22","date_gmt":"2023-09-15T17:01:22","guid":{"rendered":"https:\/\/realcube.com\/?page_id=8712"},"modified":"2023-09-21T11:13:32","modified_gmt":"2023-09-21T11:13:32","slug":"blog-2022-7-14-v1","status":"publish","type":"page","link":"https:\/\/realcube.com\/en\/blog-2022-7-14-v1\/","title":{"rendered":"Blog-2022-7-14-v1"},"content":{"rendered":"<div data-elementor-type=\"wp-page\" data-elementor-id=\"8712\" class=\"elementor elementor-8712\" data-elementor-post-type=\"page\">\n\t\t\t\t<div class=\"elementor-element elementor-element-2dc87d3 e-con-full e-flex e-con e-parent\" data-id=\"2dc87d3\" data-element_type=\"container\">\n\t\t<div class=\"elementor-element elementor-element-bb00f2f e-flex e-con-boxed e-con e-child\" data-id=\"bb00f2f\" data-element_type=\"container\">\n\t\t\t\t\t<div class=\"e-con-inner\">\n\t\t\t\t<div class=\"elementor-element elementor-element-4a2ef61 elementor-widget__width-inherit elementor-widget-tablet__width-inherit elementor-widget-mobile__width-inherit elementor-widget elementor-widget-text-editor\" data-id=\"4a2ef61\" data-element_type=\"widget\" data-widget_type=\"text-editor.default\">\n\t\t\t\t<div class=\"elementor-widget-container\">\n\t\t\t\t\t\t\t\t\t<p>&gt;&gt; 14. Juli 2022 | Von Uwe Forgber, CEO Realcube GmbH<\/p>\t\t\t\t\t\t\t\t<\/div>\n\t\t\t\t<\/div>\n\t\t\t\t<div class=\"elementor-element elementor-element-5d6ca35 elementor-widget__width-inherit elementor-widget-tablet__width-inherit elementor-widget-mobile__width-inherit elementor-widget elementor-widget-text-editor\" data-id=\"5d6ca35\" data-element_type=\"widget\" data-widget_type=\"text-editor.default\">\n\t\t\t\t<div class=\"elementor-widget-container\">\n\t\t\t\t\t\t\t\t\t<p>Konsequenter Datenaustausch erm\u00f6glicht ESG-konformes Immobilien-management<\/p>\t\t\t\t\t\t\t\t<\/div>\n\t\t\t\t<\/div>\n\t\t\t\t<div class=\"elementor-element elementor-element-81b33a2 elementor-widget__width-initial elementor-widget elementor-widget-image\" data-id=\"81b33a2\" data-element_type=\"widget\" data-widget_type=\"image.default\">\n\t\t\t\t<div class=\"elementor-widget-container\">\n\t\t\t\t\t\t\t\t\t\t\t\t\t\t\t<img decoding=\"async\" loading=\"lazy\" src=\"https:\/\/realcube.com\/wp-content\/uploads\/2023\/09\/blog5.png\" title=\"blog5\" alt=\"blog5\" \/>\t\t\t\t\t\t\t\t\t\t\t\t\t\t\t<\/div>\n\t\t\t\t<\/div>\n\t\t\t\t<div class=\"elementor-element elementor-element-d982d09 elementor-widget__width-initial elementor-widget-tablet__width-inherit elementor-widget-mobile__width-inherit elementor-widget elementor-widget-text-editor\" data-id=\"d982d09\" data-element_type=\"widget\" data-settings=\"{&quot;_animation&quot;:&quot;none&quot;,&quot;_animation_delay&quot;:500}\" data-widget_type=\"text-editor.default\">\n\t\t\t\t<div class=\"elementor-widget-container\">\n\t\t\t\t\t\t\t\t\t<p>Im Immobilien-Management von morgen m\u00fcssen ESG-Themen segment\u00fcbergreifend ber\u00fccksichtigt werden. Zuk\u00fcnftige Investments auf den Immobilienm\u00e4rkten werden sich immer st\u00e4rker nach der Erf\u00fcllung von Nachhaltigkeitskriterien ausrichten. Bereits heute zeigen sich Aufpreise und Wertzuw\u00e4chse allein schon durch den \u00abGr\u00fcnen Faktor\u00bb am und im Geb\u00e4ude.<\/p>\t\t\t\t\t\t\t\t<\/div>\n\t\t\t\t<\/div>\n\t\t\t\t<div class=\"elementor-element elementor-element-6a142e0 elementor-widget__width-inherit elementor-widget-tablet__width-inherit elementor-widget-mobile__width-inherit elementor-widget elementor-widget-text-editor\" data-id=\"6a142e0\" data-element_type=\"widget\" data-widget_type=\"text-editor.default\">\n\t\t\t\t<div class=\"elementor-widget-container\">\n\t\t\t\t\t\t\t\t\t<p>H\u00f6here Immobilienwerte durch Nachhaltigkeit<\/p>\t\t\t\t\t\t\t\t<\/div>\n\t\t\t\t<\/div>\n\t\t\t\t<div class=\"elementor-element elementor-element-76fa33b elementor-widget__width-inherit elementor-widget-tablet__width-inherit elementor-widget-mobile__width-inherit elementor-widget elementor-widget-text-editor\" data-id=\"76fa33b\" data-element_type=\"widget\" data-settings=\"{&quot;_animation&quot;:&quot;none&quot;,&quot;_animation_delay&quot;:500}\" data-widget_type=\"text-editor.default\">\n\t\t\t\t<div class=\"elementor-widget-container\">\n\t\t\t\t\t\t\t\t\t<p>Ist eine Immobilie auf dem Dekarbonisierungspfad oder kann sie bereits den CO2- armen bzw. -neutralen Betrieb durch unterschiedlichste Ma\u03b2nahmen gew\u00e4hrleisten und nachweisen, etwa bei der Energieproduktion und dem Energieverbrauch, steigt ihr Wert sowohl f\u00fcr den Eigent\u00fcmer als auch f\u00fcr potenzielle Kaufinteressenten.<\/p><p>Die grundlegende Frage in Bezug auf Nachhaltigkeitsstandards, -labels und -zertifikate lautet: Stehen der administrative wie auch bauliche Aufwand im ad\u00e4quaten Verh\u00e4ltnis zum Wertgewinn?<\/p><p>Generell l\u00e4sst sich sagen: H\u00f6here Investitionskosten werden sich schon bald im Verkaufspreis positiv widerspiegeln bzw. werden sich \u00fcber den Immobilienlebenszyklus vern\u00fcnftig amortisieren lassen.<\/p>\t\t\t\t\t\t\t\t<\/div>\n\t\t\t\t<\/div>\n\t\t\t\t<div class=\"elementor-element elementor-element-5fd1ee1 elementor-widget__width-inherit elementor-widget-tablet__width-inherit elementor-widget-mobile__width-inherit elementor-widget elementor-widget-text-editor\" data-id=\"5fd1ee1\" data-element_type=\"widget\" data-widget_type=\"text-editor.default\">\n\t\t\t\t<div class=\"elementor-widget-container\">\n\t\t\t\t\t\t\t\t\tESG-konformes Immobilien&shy;management durch ungehinderten Datenaustausch\t\t\t\t\t\t\t\t<\/div>\n\t\t\t\t<\/div>\n\t\t\t\t<div class=\"elementor-element elementor-element-2a8ddf3 elementor-widget__width-inherit elementor-widget-tablet__width-inherit elementor-widget-mobile__width-inherit elementor-widget elementor-widget-text-editor\" data-id=\"2a8ddf3\" data-element_type=\"widget\" data-settings=\"{&quot;_animation&quot;:&quot;none&quot;,&quot;_animation_delay&quot;:500}\" data-widget_type=\"text-editor.default\">\n\t\t\t\t<div class=\"elementor-widget-container\">\n\t\t\t\t\t\t\t\t\t<p>ESG ist aktuell der gr\u00f6\u00dfte Treiber in der Immobilienwirtschaft, und ESG-konformes Immobilienmanagement gelingt nur auf Basis digitaler Daten. Um Daten zu aggregieren sowie automatisiert und punktgenau auszuwerten, braucht es eine Plattform, an die Anwendungen zur Datenerhebung und -auswertung schnell und unkompliziert angeschlossen werden k\u00f6nnen.<\/p>\n<p>So nutzt der Sektor die volle Innovationskraft seiner vielen PropTechs und deren digitaler L\u00f6sungen. API-first- und Cloud-Plattformen mit offenen Schnittstellen sind die zentrale Grundlage f\u00fcr ein ESG-konformes und zukunftssicheres Immobilienmanagement.<\/p>\n<p>Lesen Sie mehr zu diesem spannenden und entscheidenden Thema im heutigen Immobilienmarkt in unserem ESG-Whitepaper:<\/p>\n<p>Realcube \u2013 Whitepaper ESG via LinkedIn<\/p>\n<p>Falls Sie Fragen haben zur Cloud-Plattform von&nbsp;Realcube&nbsp;und unserem ESG-Dashboard, kommen Sie gern auf uns zu. Per Mail (<a href=\"mailto:info@realcube.com\" target=\"_blank\">info@realcube.com<\/a>) oder zum Beispiel vor Ort am&nbsp;ZIA Tag der Immobilienwirtschaft am 22. Juni 2022 in der Station Berlin.<\/p>\t\t\t\t\t\t\t\t<\/div>\n\t\t\t\t<\/div>\n\t\t\t\t<div class=\"elementor-element elementor-element-2b265e3 elementor-align-left elementor-widget__width-initial elementor-widget elementor-widget-button\" data-id=\"2b265e3\" data-element_type=\"widget\" data-widget_type=\"button.default\">\n\t\t\t\t<div class=\"elementor-widget-container\">\n\t\t\t\t\t\t\t\t\t<div class=\"elementor-button-wrapper\">\n\t\t\t\t\t<a class=\"elementor-button elementor-button-link elementor-size-sm elementor-animation-grow\" href=\"\/en\/about\/#blog\">\n\t\t\t\t\t\t<span class=\"elementor-button-content-wrapper\">\n\t\t\t\t\t\t\t\t\t<span class=\"elementor-button-text\">go back<\/span>\n\t\t\t\t\t<\/span>\n\t\t\t\t\t<\/a>\n\t\t\t\t<\/div>\n\t\t\t\t\t\t\t\t<\/div>\n\t\t\t\t<\/div>\n\t\t\t\t\t<\/div>\n\t\t\t\t<\/div>\n\t\t\t\t<\/div>\n\t\t\t\t<\/div>","protected":false},"excerpt":{"rendered":"<p>&gt;&gt; 14. Juli 2022 | Von Uwe Forgber, CEO Realcube GmbH Konsequenter Datenaustausch erm\u00f6glicht ESG-konformes Immobilien-management Im Immobilien-Management von morgen m\u00fcssen ESG-Themen segment\u00fcbergreifend ber\u00fccksichtigt werden. Zuk\u00fcnftige Investments auf den Immobilienm\u00e4rkten werden sich immer st\u00e4rker nach der Erf\u00fcllung von Nachhaltigkeitskriterien ausrichten. Bereits heute zeigen sich Aufpreise und Wertzuw\u00e4chse allein schon durch den \u00abGr\u00fcnen Faktor\u00bb am und [&hellip;]<\/p>","protected":false},"author":2,"featured_media":0,"parent":0,"menu_order":4500,"comment_status":"closed","ping_status":"closed","template":"","meta":{"footnotes":""},"class_list":["post-8712","page","type-page","status-publish","hentry"],"_links":{"self":[{"href":"https:\/\/realcube.com\/en\/wp-json\/wp\/v2\/pages\/8712","targetHints":{"allow":["GET"]}}],"collection":[{"href":"https:\/\/realcube.com\/en\/wp-json\/wp\/v2\/pages"}],"about":[{"href":"https:\/\/realcube.com\/en\/wp-json\/wp\/v2\/types\/page"}],"author":[{"embeddable":true,"href":"https:\/\/realcube.com\/en\/wp-json\/wp\/v2\/users\/2"}],"replies":[{"embeddable":true,"href":"https:\/\/realcube.com\/en\/wp-json\/wp\/v2\/comments?post=8712"}],"version-history":[{"count":23,"href":"https:\/\/realcube.com\/en\/wp-json\/wp\/v2\/pages\/8712\/revisions"}],"predecessor-version":[{"id":10471,"href":"https:\/\/realcube.com\/en\/wp-json\/wp\/v2\/pages\/8712\/revisions\/10471"}],"wp:attachment":[{"href":"https:\/\/realcube.com\/en\/wp-json\/wp\/v2\/media?parent=8712"}],"curies":[{"name":"wp","href":"https:\/\/api.w.org\/{rel}","templated":true}]}}